{"id":5169,"date":"2023-09-25T21:27:13","date_gmt":"2023-09-25T20:27:13","guid":{"rendered":"https:\/\/cvjecarnicailaria.com\/?page_id=5169"},"modified":"2024-08-18T18:13:11","modified_gmt":"2024-08-18T17:13:11","slug":"blog","status":"publish","type":"page","link":"https:\/\/cvjecarnicailaria.com\/en\/blog\/","title":{"rendered":"Blog"},"content":{"rendered":"<div data-elementor-type=\"wp-page\" data-elementor-id=\"5169\" class=\"elementor elementor-5169\">\n\t\t\t\t\t\t<section class=\"elementor-section elementor-top-section elementor-element elementor-element-907e0c1 elementor-section-boxed elementor-section-height-default elementor-section-height-default wpr-particle-no wpr-jarallax-no wpr-parallax-no wpr-sticky-section-no\" data-id=\"907e0c1\" data-element_type=\"section\" data-settings=\"{&quot;background_background&quot;:&quot;classic&quot;}\">\n\t\t\t\t\t\t<div class=\"elementor-container elementor-column-gap-default\">\n\t\t\t\t\t<div class=\"elementor-column elementor-col-100 elementor-top-column elementor-element elementor-element-3b3f91d\" data-id=\"3b3f91d\" data-element_type=\"column\">\n\t\t\t<div class=\"elementor-widget-wrap elementor-element-populated\">\n\t\t\t\t\t\t<div class=\"elementor-element elementor-element-ba4bacf elementor-widget elementor-widget-heading\" data-id=\"ba4bacf\" data-element_type=\"widget\" data-widget_type=\"heading.default\">\n\t\t\t\t<div class=\"elementor-widget-container\">\n\t\t\t<h1 class=\"elementor-heading-title elementor-size-default\">Blog<\/h1>\t\t<\/div>\n\t\t\t\t<\/div>\n\t\t\t\t<div class=\"elementor-element elementor-element-47153bc elementor-widget elementor-widget-text-editor\" data-id=\"47153bc\" data-element_type=\"widget\" data-widget_type=\"text-editor.default\">\n\t\t\t\t<div class=\"elementor-widget-container\">\n\t\t\t\t\t\t\t<p><span style=\"color: #000000;\">Dobrodo\u0161li na na\u0161 blog o cvje\u0107arstvu. Na\u0161 cilj je podu\u010diti i inspirirati ljubitelje cvije\u0107a! Redovite pratite ovaj blog jer tu mo\u017eete prona\u0107i savjete i ideje o cvije\u0107u.<\/span><\/p>\t\t\t\t\t\t<\/div>\n\t\t\t\t<\/div>\n\t\t\t\t\t<\/div>\n\t\t<\/div>\n\t\t\t\t\t<\/div>\n\t\t<\/section>\n\t\t\t\t<section class=\"elementor-section elementor-top-section elementor-element elementor-element-717c8ac elementor-section-boxed elementor-section-height-default elementor-section-height-default wpr-particle-no wpr-jarallax-no wpr-parallax-no wpr-sticky-section-no\" data-id=\"717c8ac\" data-element_type=\"section\">\n\t\t\t\t\t\t<div class=\"elementor-container elementor-column-gap-default\">\n\t\t\t\t\t<div class=\"elementor-column elementor-col-100 elementor-top-column elementor-element elementor-element-4eb6588\" data-id=\"4eb6588\" data-element_type=\"column\">\n\t\t\t<div class=\"elementor-widget-wrap elementor-element-populated\">\n\t\t\t\t\t\t<div class=\"elementor-element elementor-element-3d468f5 elementor-widget elementor-widget-heading\" data-id=\"3d468f5\" data-element_type=\"widget\" data-widget_type=\"heading.default\">\n\t\t\t\t<div class=\"elementor-widget-container\">\n\t\t\t<h2 class=\"elementor-heading-title elementor-size-xl\">Savjeti i ideje o cvije\u0107u<\/h2>\t\t<\/div>\n\t\t\t\t<\/div>\n\t\t\t\t\t<\/div>\n\t\t<\/div>\n\t\t\t\t\t<\/div>\n\t\t<\/section>\n\t\t\t\t<section class=\"elementor-section elementor-top-section elementor-element elementor-element-ed37057 elementor-section-height-full elementor-section-boxed elementor-section-height-default elementor-section-items-middle wpr-particle-no wpr-jarallax-no wpr-parallax-no wpr-sticky-section-no\" data-id=\"ed37057\" data-element_type=\"section\">\n\t\t\t\t\t\t<div class=\"elementor-container elementor-column-gap-default\">\n\t\t\t\t\t<div class=\"elementor-column elementor-col-100 elementor-top-column elementor-element elementor-element-8f39e31\" data-id=\"8f39e31\" data-element_type=\"column\">\n\t\t\t<div class=\"elementor-widget-wrap elementor-element-populated\">\n\t\t\t\t\t\t<div class=\"elementor-element elementor-element-02bbfaf elementor-widget elementor-widget-post_layouts\" data-id=\"02bbfaf\" data-element_type=\"widget\" data-widget_type=\"post_layouts.default\">\n\t\t\t\t<div class=\"elementor-widget-container\">\n\t\t\t<div class=\"row\"><div class=\"col-md-6 col-lg-4\"><div class=\"theimran-post-layout-one\"><div class=\"theimran-post-layout-one__thumbnail\">\t\t\t<a href=\"https:\/\/cvjecarnicailaria.com\/en\/blog\/bozuri-cvijet-vrste-sadnja-i-odrzavanje\/\"><img fetchpriority=\"high\" decoding=\"async\" width=\"1024\" height=\"1024\" src=\"https:\/\/cvjecarnicailaria.com\/wp-content\/uploads\/2024\/08\/Razliciti-bozuri-razlicitih-boja.jpg\" class=\"attachment-large size-large wp-post-image\" alt=\"\" \/><\/a>\r\n\t\t\t<\/div><div class=\"theimran-post-layout-one__content-wrapper\">\t\t\t<div class=\"theimran-post-layout-one__title\">\r\n\t\t\t\t<h3><a href=\"https:\/\/cvjecarnicailaria.com\/en\/blog\/bozuri-cvijet-vrste-sadnja-i-odrzavanje\/\">Bo\u017euri \u2013 cvijet, vrste, sadnja i odr\u017eavanje cvije\u0107a koje obo\u017eavamo<\/a><\/h3>\r\n\t\t\t<\/div>\r\n\t\t\t\t<div class=\"theimran-post-layout-one__blog-meta\">\r\n\t\t\t<ul>\r\n\t\t\t\t\t\t\t\t<li><a href=\"#\"> <span class=\"far fa-calendar-alt\"><\/span><span class=\"posted-on\">posted on <a href=\"https:\/\/cvjecarnicailaria.com\/en\/blog\/bozuri-cvijet-vrste-sadnja-i-odrzavanje\/\" rel=\"bookmark\"><time class=\"entry-date published\" datetime=\"2024-08-18T18:01:08+01:00\">August 18, 2024<\/time><\/a><\/span><\/a><\/li>\r\n\t\t\t\t\t\t\t<\/ul>\r\n\t\t<\/div>\r\n\t\t\t\t\t<div class=\"theimran-post-layout-one__excerpt\">\r\n\t\t\t\t<p>\r\n\t\t\t\t\tSavjeti i ideje za uzgoj, brigu i odr\u017eavanje razli\u010ditih vrsta bo\u017eura. Prona\u0111ite ideje za bukete i vjen\u010danja i saznajte sve o\t\t\t\t<\/p>\r\n\t\t\t<\/div>\r\n\t\t\t\t<div class=\"theimran-post-layout-one__read-more\">\r\n\t\t\t<a href=\"https:\/\/cvjecarnicailaria.com\/en\/blog\/bozuri-cvijet-vrste-sadnja-i-odrzavanje\/\">Pro\u010ditaj vi\u0161e<\/a>\r\n\t\t<\/div>\r\n\t\t<\/div><\/div><\/div><div class=\"col-md-6 col-lg-4\"><div class=\"theimran-post-layout-one\"><div class=\"theimran-post-layout-one__thumbnail\">\t\t\t<a href=\"https:\/\/cvjecarnicailaria.com\/en\/blog\/eukaliptus-u-tegli\/\"><img decoding=\"async\" width=\"1024\" height=\"1024\" src=\"https:\/\/cvjecarnicailaria.com\/wp-content\/uploads\/2024\/01\/Eukaliptus-u-tegli-featured-image-cvjecarnica-Ilaria.jpg\" class=\"attachment-large size-large wp-post-image\" alt=\"\" \/><\/a>\r\n\t\t\t<\/div><div class=\"theimran-post-layout-one__content-wrapper\">\t\t\t<div class=\"theimran-post-layout-one__title\">\r\n\t\t\t\t<h3><a href=\"https:\/\/cvjecarnicailaria.com\/en\/blog\/eukaliptus-u-tegli\/\">Eukaliptus u tegli<\/a><\/h3>\r\n\t\t\t<\/div>\r\n\t\t\t\t<div class=\"theimran-post-layout-one__blog-meta\">\r\n\t\t\t<ul>\r\n\t\t\t\t\t\t\t\t<li><a href=\"#\"> <span class=\"far fa-calendar-alt\"><\/span><span class=\"posted-on\">posted on <a href=\"https:\/\/cvjecarnicailaria.com\/en\/blog\/eukaliptus-u-tegli\/\" rel=\"bookmark\"><time class=\"entry-date published\" datetime=\"2024-01-19T19:46:38+01:00\">January 19, 2024<\/time><\/a><\/span><\/a><\/li>\r\n\t\t\t\t\t\t\t<\/ul>\r\n\t\t<\/div>\r\n\t\t\t\t\t<div class=\"theimran-post-layout-one__excerpt\">\r\n\t\t\t\t<p>\r\n\t\t\t\t\tSavjeti i ideje za uzgoj, brigu i odr\u017eavanje eukaliptusa u tegli. Sve najzanimljivije informacije o eukaliptusu prona\u0111ite\t\t\t\t<\/p>\r\n\t\t\t<\/div>\r\n\t\t\t\t<div class=\"theimran-post-layout-one__read-more\">\r\n\t\t\t<a href=\"https:\/\/cvjecarnicailaria.com\/en\/blog\/eukaliptus-u-tegli\/\">Pro\u010ditaj vi\u0161e<\/a>\r\n\t\t<\/div>\r\n\t\t<\/div><\/div><\/div><div class=\"col-md-6 col-lg-4\"><div class=\"theimran-post-layout-one\"><div class=\"theimran-post-layout-one__thumbnail\">\t\t\t<a href=\"https:\/\/cvjecarnicailaria.com\/en\/blog\/cestitke-za-rodendan-prijateljici\/\"><img decoding=\"async\" width=\"1024\" height=\"1024\" src=\"https:\/\/cvjecarnicailaria.com\/wp-content\/uploads\/2023\/10\/Cestitke-za-rodendan-prijateljici-Cvjecarnica-Ilaria.webp\" class=\"attachment-large size-large wp-post-image\" alt=\"\" \/><\/a>\r\n\t\t\t<\/div><div class=\"theimran-post-layout-one__content-wrapper\">\t\t\t<div class=\"theimran-post-layout-one__title\">\r\n\t\t\t\t<h3><a href=\"https:\/\/cvjecarnicailaria.com\/en\/blog\/cestitke-za-rodendan-prijateljici\/\">\u010cestitke za ro\u0111endan prijateljici<\/a><\/h3>\r\n\t\t\t<\/div>\r\n\t\t\t\t<div class=\"theimran-post-layout-one__blog-meta\">\r\n\t\t\t<ul>\r\n\t\t\t\t\t\t\t\t<li><a href=\"#\"> <span class=\"far fa-calendar-alt\"><\/span><span class=\"posted-on\">posted on <a href=\"https:\/\/cvjecarnicailaria.com\/en\/blog\/cestitke-za-rodendan-prijateljici\/\" rel=\"bookmark\"><time class=\"entry-date published\" datetime=\"2023-10-03T10:22:29+01:00\">October 3, 2023<\/time><\/a><\/span><\/a><\/li>\r\n\t\t\t\t\t\t\t<\/ul>\r\n\t\t<\/div>\r\n\t\t\t\t\t<div class=\"theimran-post-layout-one__excerpt\">\r\n\t\t\t\t<p>\r\n\t\t\t\t\tNemate ideju \u0161to napisati kao \u010destitku za ro\u0111endan prijateljici? Mi \u0107emo to uraditi za\t\t\t\t<\/p>\r\n\t\t\t<\/div>\r\n\t\t\t\t<div class=\"theimran-post-layout-one__read-more\">\r\n\t\t\t<a href=\"https:\/\/cvjecarnicailaria.com\/en\/blog\/cestitke-za-rodendan-prijateljici\/\">Pro\u010ditaj vi\u0161e<\/a>\r\n\t\t<\/div>\r\n\t\t<\/div><\/div><\/div><\/div>\t\t<div class=\"post-navigation-older-newer\">\r\n\t\t\t<div class=\"older-posts-link\">\r\n\t\t\t\t\t\t\t<\/div>\r\n\t\t\t<div class=\"newer-posts-link\">\r\n             \t\t\t\t<\/div>\r\n\t\t<\/div>\r\n\t\t\t\t\t<\/div>\n\t\t\t\t<\/div>\n\t\t\t\t\t<\/div>\n\t\t<\/div>\n\t\t\t\t\t<\/div>\n\t\t<\/section>\n\t\t\t\t<\/div>","protected":false},"excerpt":{"rendered":"<p>Blog Dobrodo\u0161li na na\u0161 blog o cvje\u0107arstvu. Na\u0161 cilj je podu\u010diti i inspirirati ljubitelje cvije\u0107a! Redovite pratite ovaj blog jer tu mo\u017eete prona\u0107i savjete i ideje o cvije\u0107u. Savjeti i ideje o cvije\u0107u Bo\u017euri \u2013 cvijet, vrste, sadnja i odr\u017eavanje cvije\u0107a koje obo\u017eavamo posted on August 18, 2024 Savjeti i ideje za uzgoj, brigu i odr\u017eavanje razli\u010ditih vrsta bo\u017eura. Prona\u0111ite ideje za bukete i vjen\u010danja i saznajte sve o Pro\u010ditaj vi\u0161e Eukaliptus u tegli posted on January 19, 2024 Savjeti i ideje za uzgoj, brigu i odr\u017eavanje eukaliptusa u tegli. Sve najzanimljivije informacije o eukaliptusu prona\u0111ite Pro\u010ditaj vi\u0161e \u010cestitke za ro\u0111endan prijateljici posted on October 3, 2023 Nemate ideju \u0161to napisati kao \u010destitku za ro\u0111endan prijateljici? Mi \u0107emo to uraditi za Pro\u010ditaj vi\u0161e<\/p>","protected":false},"author":1,"featured_media":0,"parent":0,"menu_order":0,"comment_status":"closed","ping_status":"closed","template":"","meta":{"rank_math_lock_modified_date":false,"site-sidebar-layout":"no-sidebar","site-content-layout":"page-builder","ast-site-content-layout":"full-width-container","site-content-style":"default","site-sidebar-style":"default","ast-global-header-display":"","ast-banner-title-visibility":"","ast-main-header-display":"","ast-hfb-above-header-display":"","ast-hfb-below-header-display":"","ast-hfb-mobile-header-display":"","site-post-title":"disabled","ast-breadcrumbs-content":"","ast-featured-img":"disabled","footer-sml-layout":"","theme-transparent-header-meta":"","adv-header-id-meta":"","stick-header-meta":"","header-above-stick-meta":"","header-main-stick-meta":"","header-below-stick-meta":"","astra-migrate-meta-layouts":"set","ast-page-background-enabled":"default","ast-page-background-meta":{"desktop":{"background-color":"","background-image":"","background-repeat":"repeat","background-position":"center center","background-size":"auto","background-attachment":"scroll","background-type":"","background-media":"","overlay-type":"","overlay-color":"","overlay-gradient":""},"tablet":{"background-color":"","background-image":"","background-repeat":"repeat","background-position":"center center","background-size":"auto","background-attachment":"scroll","background-type":"","background-media":"","overlay-type":"","overlay-color":"","overlay-gradient":""},"mobile":{"background-color":"","background-image":"","background-repeat":"repeat","background-position":"center center","background-size":"auto","background-attachment":"scroll","background-type":"","background-media":"","overlay-type":"","overlay-color":"","overlay-gradient":""}},"ast-content-background-meta":{"desktop":{"background-color":"var(--ast-global-color-5)","background-image":"","background-repeat":"repeat","background-position":"center center","background-size":"auto","background-attachment":"scroll","background-type":"","background-media":"","overlay-type":"","overlay-color":"","overlay-gradient":""},"tablet":{"background-color":"var(--ast-global-color-5)","background-image":"","background-repeat":"repeat","background-position":"center center","background-size":"auto","background-attachment":"scroll","background-type":"","background-media":"","overlay-type":"","overlay-color":"","overlay-gradient":""},"mobile":{"background-color":"var(--ast-global-color-5)","background-image":"","background-repeat":"repeat","background-position":"center center","background-size":"auto","background-attachment":"scroll","background-type":"","background-media":"","overlay-type":"","overlay-color":"","overlay-gradient":""}},"footnotes":""},"class_list":["post-5169","page","type-page","status-publish","hentry"],"rttpg_featured_image_url":null,"rttpg_author":{"display_name":"Kuzma","author_link":"https:\/\/cvjecarnicailaria.com\/en\/blog\/author\/kuzma\/"},"rttpg_comment":0,"rttpg_category":"","rttpg_excerpt":"Blog Dobrodo\u0161li na na\u0161 blog o cvje\u0107arstvu. Na\u0161 cilj je podu\u010diti i inspirirati ljubitelje cvije\u0107a! Redovite pratite ovaj blog jer tu mo\u017eete prona\u0107i savjete i ideje o cvije\u0107u. Savjeti i ideje o cvije\u0107u Bo\u017euri \u2013 cvijet, vrste, sadnja i odr\u017eavanje cvije\u0107a koje obo\u017eavamo posted on August 18, 2024 Savjeti i ideje za uzgoj, brigu i&hellip;","_links":{"self":[{"href":"https:\/\/cvjecarnicailaria.com\/en\/wp-json\/wp\/v2\/pages\/5169"}],"collection":[{"href":"https:\/\/cvjecarnicailaria.com\/en\/wp-json\/wp\/v2\/pages"}],"about":[{"href":"https:\/\/cvjecarnicailaria.com\/en\/wp-json\/wp\/v2\/types\/page"}],"author":[{"embeddable":true,"href":"https:\/\/cvjecarnicailaria.com\/en\/wp-json\/wp\/v2\/users\/1"}],"replies":[{"embeddable":true,"href":"https:\/\/cvjecarnicailaria.com\/en\/wp-json\/wp\/v2\/comments?post=5169"}],"version-history":[{"count":47,"href":"https:\/\/cvjecarnicailaria.com\/en\/wp-json\/wp\/v2\/pages\/5169\/revisions"}],"predecessor-version":[{"id":5905,"href":"https:\/\/cvjecarnicailaria.com\/en\/wp-json\/wp\/v2\/pages\/5169\/revisions\/5905"}],"wp:attachment":[{"href":"https:\/\/cvjecarnicailaria.com\/en\/wp-json\/wp\/v2\/media?parent=5169"}],"curies":[{"name":"wp","href":"https:\/\/api.w.org\/{rel}","templated":true}]}}